{"id":24,"date":"2024-09-22T11:30:28","date_gmt":"2024-09-22T11:30:28","guid":{"rendered":"https:\/\/buildgo.themeori.com\/?page_id=24"},"modified":"2025-11-01T13:30:15","modified_gmt":"2025-11-01T12:30:15","slug":"sluzby","status":"publish","type":"page","link":"https:\/\/korsta.sk\/index.php\/sluzby\/","title":{"rendered":"Slu\u017eby"},"content":{"rendered":"\t\t<div data-elementor-type=\"wp-page\" data-elementor-id=\"24\" class=\"elementor elementor-24\" data-elementor-post-type=\"page\">\n\t\t\t\t\t\t<section class=\"elementor-section elementor-top-section elementor-element elementor-element-a6f67bf elementor-section-boxed elementor-section-height-default elementor-section-height-default\" data-id=\"a6f67bf\" data-element_type=\"section\">\n\t\t\t\t\t\t<div class=\"elementor-container elementor-column-gap-custom\">\n\t\t\t\t\t<div class=\"elementor-column elementor-col-33 elementor-top-column elementor-element elementor-element-af25ec1\" data-id=\"af25ec1\" data-element_type=\"column\">\n\t\t\t<div class=\"elementor-widget-wrap elementor-element-populated\">\n\t\t\t\t\t\t<div data-flexitype-wrapper-link=\"{&quot;url&quot;:&quot;https:\\\/\\\/korsta.sk\\\/index.php\\\/service\\\/prenajom-kontajnerov\\\/&quot;,&quot;is_external&quot;:&quot;&quot;,&quot;nofollow&quot;:&quot;&quot;}\" style=\"cursor: pointer\" class=\"elementor-element elementor-element-26f4bbd elementor-widget elementor-widget-flexitype-icon-box\" data-id=\"26f4bbd\" data-element_type=\"widget\" data-widget_type=\"flexitype-icon-box.default\">\n\t\t\t\t<div class=\"elementor-widget-container\">\n\t\t\t\t\t\r\n        <div class=\"icon__box-item  \">\r\n                                                                        <a href=\"https:\/\/korsta.sk\/index.php\/service\/prenajom-kontajnerov\/\">\r\n                        <div class=\"icon__box-item-icon\">\r\n                            <i aria-hidden=\"true\" class=\"fas fa-box\"><\/i>                                                    <\/div>\r\n                    <\/a>\r\n                                        <div class=\"icon__box-item-content\">\r\n                <div class=\"title\">\r\n                                            <h5>\r\n                                                            <a href=\"https:\/\/korsta.sk\/index.php\/service\/prenajom-kontajnerov\/\">\r\n                                    Pren\u00e1jom kontajnerov                                <\/a>\r\n                                                    <\/h5>\r\n                                                        <\/div>\r\n                            <\/div>\r\n        <\/div>\r\n\r\n        \t\t\t\t<\/div>\n\t\t\t\t<\/div>\n\t\t\t\t\t<\/div>\n\t\t<\/div>\n\t\t\t\t<div class=\"elementor-column elementor-col-33 elementor-top-column elementor-element elementor-element-33f8857\" data-id=\"33f8857\" data-element_type=\"column\">\n\t\t\t<div class=\"elementor-widget-wrap elementor-element-populated\">\n\t\t\t\t\t\t<div data-flexitype-wrapper-link=\"{&quot;url&quot;:&quot;https:\\\/\\\/korsta.sk\\\/index.php\\\/service\\\/zemne-prace\\\/&quot;,&quot;is_external&quot;:&quot;&quot;,&quot;nofollow&quot;:&quot;&quot;}\" style=\"cursor: pointer\" class=\"elementor-element elementor-element-d6e95f1 elementor-widget elementor-widget-flexitype-icon-box\" data-id=\"d6e95f1\" data-element_type=\"widget\" data-widget_type=\"flexitype-icon-box.default\">\n\t\t\t\t<div class=\"elementor-widget-container\">\n\t\t\t\t\t\r\n        <div class=\"icon__box-item  \">\r\n                                                                        <a href=\"https:\/\/korsta.sk\/index.php\/service\/zemne-prace\/\">\r\n                        <div class=\"icon__box-item-icon\">\r\n                            <i aria-hidden=\"true\" class=\"fas fa-snowplow\"><\/i>                                                    <\/div>\r\n                    <\/a>\r\n                                        <div class=\"icon__box-item-content\">\r\n                <div class=\"title\">\r\n                                            <h5>\r\n                                                            <a href=\"https:\/\/korsta.sk\/index.php\/service\/zemne-prace\/\">\r\n                                    Zemn\u00e9 pr\u00e1ce                                <\/a>\r\n                                                    <\/h5>\r\n                                                        <\/div>\r\n                            <\/div>\r\n        <\/div>\r\n\r\n        \t\t\t\t<\/div>\n\t\t\t\t<\/div>\n\t\t\t\t\t<\/div>\n\t\t<\/div>\n\t\t\t\t<div class=\"elementor-column elementor-col-33 elementor-top-column elementor-element elementor-element-13fc83b\" data-id=\"13fc83b\" data-element_type=\"column\">\n\t\t\t<div class=\"elementor-widget-wrap elementor-element-populated\">\n\t\t\t\t\t\t<div class=\"elementor-element elementor-element-2f5e5b8 elementor-widget elementor-widget-flexitype-icon-box\" data-id=\"2f5e5b8\" data-element_type=\"widget\" data-widget_type=\"flexitype-icon-box.default\">\n\t\t\t\t<div class=\"elementor-widget-container\">\n\t\t\t\t\t\r\n        <div class=\"icon__box-item  \">\r\n                                                                        <a href=\"https:\/\/korsta.sk\/index.php\/service\/manipulacne-prace\/\">\r\n                        <div class=\"icon__box-item-icon\">\r\n                            <i aria-hidden=\"true\" class=\"fas fa-truck-loading\"><\/i>                                                    <\/div>\r\n                    <\/a>\r\n                                        <div class=\"icon__box-item-content\">\r\n                <div class=\"title\">\r\n                                            <h5>\r\n                                                            <a href=\"https:\/\/korsta.sk\/index.php\/service\/manipulacne-prace\/\">\r\n                                    Manipula\u010dn\u00e9 pr\u00e1ce                                <\/a>\r\n                                                    <\/h5>\r\n                                                        <\/div>\r\n                            <\/div>\r\n        <\/div>\r\n\r\n        \t\t\t\t<\/div>\n\t\t\t\t<\/div>\n\t\t\t\t\t<\/div>\n\t\t<\/div>\n\t\t\t\t\t<\/div>\n\t\t<\/section>\n\t\t\t\t<section class=\"elementor-section elementor-top-section elementor-element elementor-element-afd7347 elementor-section-boxed elementor-section-height-default elementor-section-height-default\" data-id=\"afd7347\" data-element_type=\"section\">\n\t\t\t\t\t\t<div class=\"elementor-container elementor-column-gap-custom\">\n\t\t\t\t\t<div class=\"elementor-column elementor-col-100 elementor-top-column elementor-element elementor-element-11309b2\" data-id=\"11309b2\" data-element_type=\"column\">\n\t\t\t<div class=\"elementor-widget-wrap elementor-element-populated\">\n\t\t\t\t\t\t<div data-flexitype-wrapper-link=\"{&quot;url&quot;:&quot;https:\\\/\\\/korsta.sk\\\/index.php\\\/service\\\/prenajom-kontajnerov\\\/&quot;,&quot;is_external&quot;:&quot;&quot;,&quot;nofollow&quot;:&quot;&quot;}\" style=\"cursor: pointer\" class=\"elementor-element elementor-element-e57816b elementor-widget elementor-widget-flexitype-icon-box\" data-id=\"e57816b\" data-element_type=\"widget\" data-widget_type=\"flexitype-icon-box.default\">\n\t\t\t\t<div class=\"elementor-widget-container\">\n\t\t\t\t\t\r\n        <div class=\"icon__box-item  \">\r\n                                                                        <a href=\"https:\/\/korsta.sk\/index.php\/service\/nakladna-doprava\/\">\r\n                        <div class=\"icon__box-item-icon\">\r\n                            <i aria-hidden=\"true\" class=\"fas fa-truck-moving\"><\/i>                                                    <\/div>\r\n                    <\/a>\r\n                                        <div class=\"icon__box-item-content\">\r\n                <div class=\"title\">\r\n                                            <h5>\r\n                                                            <a href=\"https:\/\/korsta.sk\/index.php\/service\/nakladna-doprava\/\">\r\n                                    N\u00e1kladn\u00e1 doprava                                <\/a>\r\n                                                    <\/h5>\r\n                                                        <\/div>\r\n                            <\/div>\r\n        <\/div>\r\n\r\n        \t\t\t\t<\/div>\n\t\t\t\t<\/div>\n\t\t\t\t\t<\/div>\n\t\t<\/div>\n\t\t\t\t\t<\/div>\n\t\t<\/section>\n\t\t\t\t<\/div>\n\t\t","protected":false},"excerpt":{"rendered":"<p>Pren\u00e1jom kontajnerov Zemn\u00e9 pr\u00e1ce Manipula\u010dn\u00e9 pr\u00e1ce N\u00e1kladn\u00e1 doprava<\/p>\n","protected":false},"author":1,"featured_media":0,"parent":0,"menu_order":0,"comment_status":"closed","ping_status":"closed","template":"page-builder.php","meta":{"footnotes":""},"class_list":["post-24","page","type-page","status-publish","hentry"],"_links":{"self":[{"href":"https:\/\/korsta.sk\/index.php\/wp-json\/wp\/v2\/pages\/24","targetHints":{"allow":["GET"]}}],"collection":[{"href":"https:\/\/korsta.sk\/index.php\/wp-json\/wp\/v2\/pages"}],"about":[{"href":"https:\/\/korsta.sk\/index.php\/wp-json\/wp\/v2\/types\/page"}],"author":[{"embeddable":true,"href":"https:\/\/korsta.sk\/index.php\/wp-json\/wp\/v2\/users\/1"}],"replies":[{"embeddable":true,"href":"https:\/\/korsta.sk\/index.php\/wp-json\/wp\/v2\/comments?post=24"}],"version-history":[{"count":0,"href":"https:\/\/korsta.sk\/index.php\/wp-json\/wp\/v2\/pages\/24\/revisions"}],"wp:attachment":[{"href":"https:\/\/korsta.sk\/index.php\/wp-json\/wp\/v2\/media?parent=24"}],"curies":[{"name":"wp","href":"https:\/\/api.w.org\/{rel}","templated":true}]}}