{"id":23,"date":"2024-09-22T11:30:40","date_gmt":"2024-09-22T11:30:40","guid":{"rendered":"https:\/\/buildgo.themeori.com\/?page_id=23"},"modified":"2026-02-02T21:12:12","modified_gmt":"2026-02-02T20:12:12","slug":"kontakt","status":"publish","type":"page","link":"https:\/\/korsta.sk\/index.php\/kontakt\/","title":{"rendered":"Kontakt"},"content":{"rendered":"\t\t<div data-elementor-type=\"wp-page\" data-elementor-id=\"23\" class=\"elementor elementor-23\" data-elementor-post-type=\"page\">\n\t\t\t\t\t\t<section class=\"elementor-section elementor-top-section elementor-element elementor-element-f69cce4 elementor-section-boxed elementor-section-height-default elementor-section-height-default\" data-id=\"f69cce4\" data-element_type=\"section\" data-settings=\"{&quot;background_background&quot;:&quot;classic&quot;}\">\n\t\t\t\t\t\t<div class=\"elementor-container elementor-column-gap-no\">\n\t\t\t\t\t<div class=\"elementor-column elementor-col-50 elementor-top-column elementor-element elementor-element-003390c\" data-id=\"003390c\" data-element_type=\"column\">\n\t\t\t<div class=\"elementor-widget-wrap elementor-element-populated\">\n\t\t\t\t\t\t<div class=\"elementor-element elementor-element-6dc0f73 elementor-widget__width-auto elementor-widget elementor-widget-heading\" data-id=\"6dc0f73\" data-element_type=\"widget\" data-widget_type=\"heading.default\">\n\t\t\t\t\t<h6 class=\"elementor-heading-title elementor-size-default\">KONTAKUJTE n\u00c1S<\/h6>\t\t\t\t<\/div>\n\t\t\t\t<div class=\"elementor-element elementor-element-9239c55 elementor-widget elementor-widget-heading\" data-id=\"9239c55\" data-element_type=\"widget\" data-widget_type=\"heading.default\">\n\t\t\t\t\t<h2 class=\"elementor-heading-title elementor-size-default\">Spojte sa snami<\/h2>\t\t\t\t<\/div>\n\t\t\t\t<div class=\"elementor-element elementor-element-6747e13 elementor-widget elementor-widget-heading\" data-id=\"6747e13\" data-element_type=\"widget\" data-widget_type=\"heading.default\">\n\t\t\t\t\t<p class=\"elementor-heading-title elementor-size-default\">Sme tu, aby sme v\u00e1m pomohli! V pr\u00edpade ak\u00fdchko\u013evek ot\u00e1zok, sp\u00e4tnej v\u00e4zby alebo dopytov oh\u013eadom projektu n\u00e1s pros\u00edm kontaktujte.<\/p>\t\t\t\t<\/div>\n\t\t\t\t<div class=\"elementor-element elementor-element-dc73104 elementor-widget elementor-widget-flexitype-icon-box\" data-id=\"dc73104\" data-element_type=\"widget\" data-widget_type=\"flexitype-icon-box.default\">\n\t\t\t\t<div class=\"elementor-widget-container\">\n\t\t\t\t\t\r\n        <div class=\"icon__box-item  \">\r\n                                                                        <div class=\"icon__box-item-icon\">\r\n                        <i aria-hidden=\"true\" class=\"flaticon flaticon-phone\"><\/i>                                            <\/div>\r\n                                        <div class=\"icon__box-item-content\">\r\n                <div class=\"title\">\r\n                                            <h5>\r\n                            Telef\u00f3n:                        <\/h5>\r\n                                                                <p><a href=\"tel:+421 908 556 974\">+421 908 556 974<\/a><\/p>\n                                    <\/div>\r\n                            <\/div>\r\n        <\/div>\r\n\r\n        \t\t\t\t<\/div>\n\t\t\t\t<\/div>\n\t\t\t\t<div class=\"elementor-element elementor-element-e239f71 elementor-widget elementor-widget-flexitype-icon-box\" data-id=\"e239f71\" data-element_type=\"widget\" data-widget_type=\"flexitype-icon-box.default\">\n\t\t\t\t<div class=\"elementor-widget-container\">\n\t\t\t\t\t\r\n        <div class=\"icon__box-item  \">\r\n                                                                        <div class=\"icon__box-item-icon\">\r\n                        <i aria-hidden=\"true\" class=\"flaticon flaticon-email-3\"><\/i>                                            <\/div>\r\n                                        <div class=\"icon__box-item-content\">\r\n                <div class=\"title\">\r\n                                            <h5>\r\n                            Email:                        <\/h5>\r\n                                                                <p><a href=\"mailto:info@korsta.sk\">info@korsta.sk<\/a><\/p>\n                                    <\/div>\r\n                            <\/div>\r\n        <\/div>\r\n\r\n        \t\t\t\t<\/div>\n\t\t\t\t<\/div>\n\t\t\t\t<div class=\"elementor-element elementor-element-80c2dfa elementor-widget elementor-widget-flexitype-icon-box\" data-id=\"80c2dfa\" data-element_type=\"widget\" data-widget_type=\"flexitype-icon-box.default\">\n\t\t\t\t<div class=\"elementor-widget-container\">\n\t\t\t\t\t\r\n        <div class=\"icon__box-item  \">\r\n                                                                        <div class=\"icon__box-item-icon\">\r\n                        <i aria-hidden=\"true\" class=\"flaticon flaticon-location-1\"><\/i>                                            <\/div>\r\n                                        <div class=\"icon__box-item-content\">\r\n                <div class=\"title\">\r\n                                            <h5>\r\n                            Adresa:                        <\/h5>\r\n                                                                <p><a href=\"https:\/\/www.google.com\/maps\/place\/Hrabov%C3%A9+349,+014+01+Byt%C4%8Da-Hrabov%C3%A9\/@49.2042603,18.5443239,18.17z\/data=!4m6!3m5!1s0x471461baa776f5a5:0x4e7f0b6af6e88081!8m2!3d49.2052193!4d18.5443601!16s%2Fg%2F11c1hf015j?entry=ttu&amp;g_ep=EgoyMDI2MDEyOC4wIKXMDSoASAFQAw%3D%3D\">Hrabov\u00e9 349, 014 01 Byt\u010da<\/a><\/p>\n                                    <\/div>\r\n                            <\/div>\r\n        <\/div>\r\n\r\n        \t\t\t\t<\/div>\n\t\t\t\t<\/div>\n\t\t\t\t\t<\/div>\n\t\t<\/div>\n\t\t\t\t<div class=\"elementor-column elementor-col-50 elementor-top-column elementor-element elementor-element-54c55a0\" data-id=\"54c55a0\" data-element_type=\"column\" data-settings=\"{&quot;background_background&quot;:&quot;classic&quot;}\">\n\t\t\t<div class=\"elementor-widget-wrap elementor-element-populated\">\n\t\t\t\t\t\t<div class=\"elementor-element elementor-element-b4d4a66 elementor-widget elementor-widget-heading\" data-id=\"b4d4a66\" data-element_type=\"widget\" data-widget_type=\"heading.default\">\n\t\t\t\t\t<h2 class=\"elementor-heading-title elementor-size-default\">Posla\u0165 spr\u00e1vu<\/h2>\t\t\t\t<\/div>\n\t\t\t\t<div class=\"elementor-element elementor-element-d80e2e4 elementor-widget elementor-widget-flexitype-contact-form7\" data-id=\"d80e2e4\" data-element_type=\"widget\" data-widget_type=\"flexitype-contact-form7.default\">\n\t\t\t\t<div class=\"elementor-widget-container\">\n\t\t\t\t\t        <div class=\"flexitype-contact-form-wrapper\">\r\n            \n<div class=\"wpcf7 no-js\" id=\"wpcf7-f569-o1\" lang=\"en-US\" dir=\"ltr\" data-wpcf7-id=\"569\">\n<div class=\"screen-reader-response\"><p role=\"status\" aria-live=\"polite\" aria-atomic=\"true\"><\/p> <ul><\/ul><\/div>\n<form action=\"\/index.php\/wp-json\/wp\/v2\/pages\/23#wpcf7-f569-o1\" method=\"post\" class=\"wpcf7-form init\" aria-label=\"Contact form\" novalidate=\"novalidate\" data-status=\"init\">\n<fieldset class=\"hidden-fields-container\"><input type=\"hidden\" name=\"_wpcf7\" value=\"569\" \/><input type=\"hidden\" name=\"_wpcf7_version\" value=\"6.1.5\" \/><input type=\"hidden\" name=\"_wpcf7_locale\" value=\"en_US\" \/><input type=\"hidden\" name=\"_wpcf7_unit_tag\" value=\"wpcf7-f569-o1\" \/><input type=\"hidden\" name=\"_wpcf7_container_post\" value=\"0\" \/><input type=\"hidden\" name=\"_wpcf7_posted_data_hash\" value=\"\" \/>\n<\/fieldset>\n<div class=\"row contact-form\">\n\t<div class=\"col-md-6\">\n\t\t<span class=\"wpcf7-form-control-wrap\" data-name=\"your-name\"><input size=\"40\" maxlength=\"400\" class=\"wpcf7-form-control wpcf7-text wpcf7-validates-as-required\" aria-required=\"true\" aria-invalid=\"false\" placeholder=\"Meno\" value=\"\" type=\"text\" name=\"your-name\" \/><\/span>\n\t<\/div>\n\t<div class=\"col-md-6 md-25\">\n\t\t<span class=\"wpcf7-form-control-wrap\" data-name=\"your-email\"><input size=\"40\" maxlength=\"400\" class=\"wpcf7-form-control wpcf7-email wpcf7-validates-as-required wpcf7-text wpcf7-validates-as-email\" aria-required=\"true\" aria-invalid=\"false\" placeholder=\"Email\" value=\"\" type=\"email\" name=\"your-email\" \/><\/span>\n\t<\/div>\n       <div class=\"col-md-6\">\n\t\t<span class=\"wpcf7-form-control-wrap\" data-name=\"your-phone\"><input size=\"40\" maxlength=\"400\" class=\"wpcf7-form-control wpcf7-text wpcf7-validates-as-required\" aria-required=\"true\" aria-invalid=\"false\" placeholder=\"Telef\u00f3n\" value=\"\" type=\"text\" name=\"your-phone\" \/><\/span>\n\t<\/div>\n\t<div class=\"col-md-6 md-25\">\n\t\t<span class=\"wpcf7-form-control-wrap\" data-name=\"subject\"><input size=\"40\" maxlength=\"400\" class=\"wpcf7-form-control wpcf7-text wpcf7-validates-as-required\" aria-required=\"true\" aria-invalid=\"false\" placeholder=\"Predmet\" value=\"\" type=\"text\" name=\"subject\" \/><\/span>\n\t<\/div>\n\t<div class=\"col-lg-12\">\n\t\t<span class=\"wpcf7-form-control-wrap\" data-name=\"textarea\"><textarea cols=\"40\" rows=\"10\" maxlength=\"2000\" class=\"wpcf7-form-control wpcf7-textarea wpcf7-validates-as-required\" aria-required=\"true\" aria-invalid=\"false\" placeholder=\"Spr\u00e1va\" name=\"textarea\"><\/textarea><\/span>\n\t<\/div>\n\t<div class=\"col-lg-12\">\n        <div id=\"cf7sr-69f1fc512af30\" class=\"cf7sr-g-hcaptcha\" data-theme=\"light\" data-size=\"compact\" data-sitekey=\"7c9a9e80-b87e-4972-a8d0-fa32e2463f9a\"><\/div><span class=\"wpcf7-form-control-wrap cf7sr-hcaptcha\" data-name=\"cf7sr-hcaptcha\"><input type=\"hidden\" name=\"cf7sr-hcaptcha\" value=\"\" class=\"wpcf7-form-control\"><\/span>\n\t<input class=\"wpcf7-form-control wpcf7-submit has-spinner\" type=\"submit\" value=\"Odosla\u0165\" \/>\n\t<\/div>\n<\/div><div class=\"wpcf7-response-output\" aria-hidden=\"true\"><\/div>\n<\/form>\n<\/div>\n        <\/div>\r\n\r\n        \t\t\t\t<\/div>\n\t\t\t\t<\/div>\n\t\t\t\t\t<\/div>\n\t\t<\/div>\n\t\t\t\t\t<\/div>\n\t\t<\/section>\n\t\t\t\t<section class=\"elementor-section elementor-top-section elementor-element elementor-element-5a9cfa3 elementor-section-full_width elementor-section-height-default elementor-section-height-default\" data-id=\"5a9cfa3\" data-element_type=\"section\">\n\t\t\t\t\t\t<div class=\"elementor-container elementor-column-gap-no\">\n\t\t\t\t\t<div class=\"elementor-column elementor-col-100 elementor-top-column elementor-element elementor-element-fb0b1f2\" data-id=\"fb0b1f2\" data-element_type=\"column\">\n\t\t\t<div class=\"elementor-widget-wrap elementor-element-populated\">\n\t\t\t\t\t\t<div class=\"elementor-element elementor-element-831c2e9 elementor-widget elementor-widget-google_maps\" data-id=\"831c2e9\" data-element_type=\"widget\" data-widget_type=\"google_maps.default\">\n\t\t\t\t\t\t\t<div class=\"elementor-custom-embed\">\n\t\t\t<iframe loading=\"lazy\"\n\t\t\t\t\tsrc=\"https:\/\/maps.google.com\/maps?q=6G4V%2B2QF%20Byt%C4%8Da&#038;t=m&#038;z=12&#038;output=embed&#038;iwloc=near\"\n\t\t\t\t\ttitle=\"6G4V+2QF Byt\u010da\"\n\t\t\t\t\taria-label=\"6G4V+2QF Byt\u010da\"\n\t\t\t><\/iframe>\n\t\t<\/div>\n\t\t\t\t\t\t<\/div>\n\t\t\t\t\t<\/div>\n\t\t<\/div>\n\t\t\t\t\t<\/div>\n\t\t<\/section>\n\t\t\t\t<\/div>\n\t\t","protected":false},"excerpt":{"rendered":"<p>KONTAKUJTE n\u00c1S Spojte sa snami Sme tu, aby sme v\u00e1m pomohli! V pr\u00edpade ak\u00fdchko\u013evek ot\u00e1zok, sp\u00e4tnej v\u00e4zby alebo dopytov oh\u013eadom projektu n\u00e1s pros\u00edm kontaktujte. Telef\u00f3n: +421 908 556 974 Email: info@korsta.sk Adresa: Hrabov\u00e9 349, 014 01 Byt\u010da Posla\u0165 spr\u00e1vu<\/p>\n","protected":false},"author":1,"featured_media":0,"parent":0,"menu_order":0,"comment_status":"closed","ping_status":"closed","template":"page-builder.php","meta":{"footnotes":""},"class_list":["post-23","page","type-page","status-publish","hentry"],"_links":{"self":[{"href":"https:\/\/korsta.sk\/index.php\/wp-json\/wp\/v2\/pages\/23","targetHints":{"allow":["GET"]}}],"collection":[{"href":"https:\/\/korsta.sk\/index.php\/wp-json\/wp\/v2\/pages"}],"about":[{"href":"https:\/\/korsta.sk\/index.php\/wp-json\/wp\/v2\/types\/page"}],"author":[{"embeddable":true,"href":"https:\/\/korsta.sk\/index.php\/wp-json\/wp\/v2\/users\/1"}],"replies":[{"embeddable":true,"href":"https:\/\/korsta.sk\/index.php\/wp-json\/wp\/v2\/comments?post=23"}],"version-history":[{"count":6,"href":"https:\/\/korsta.sk\/index.php\/wp-json\/wp\/v2\/pages\/23\/revisions"}],"predecessor-version":[{"id":4650,"href":"https:\/\/korsta.sk\/index.php\/wp-json\/wp\/v2\/pages\/23\/revisions\/4650"}],"wp:attachment":[{"href":"https:\/\/korsta.sk\/index.php\/wp-json\/wp\/v2\/media?parent=23"}],"curies":[{"name":"wp","href":"https:\/\/api.w.org\/{rel}","templated":true}]}}