{"id":22,"date":"2024-09-22T11:30:53","date_gmt":"2024-09-22T11:30:53","guid":{"rendered":"https:\/\/buildgo.themeori.com\/?page_id=22"},"modified":"2025-10-22T07:46:04","modified_gmt":"2025-10-22T05:46:04","slug":"cenova-ponuka","status":"publish","type":"page","link":"https:\/\/korsta.sk\/index.php\/cenova-ponuka\/","title":{"rendered":"Cenov\u00e1 ponuka"},"content":{"rendered":"\t\t<div data-elementor-type=\"wp-page\" data-elementor-id=\"22\" class=\"elementor elementor-22\" data-elementor-post-type=\"page\">\n\t\t\t\t\t\t<section class=\"elementor-section elementor-top-section elementor-element elementor-element-6a9bc41 elementor-section-boxed elementor-section-height-default elementor-section-height-default\" data-id=\"6a9bc41\" data-element_type=\"section\" data-settings=\"{&quot;background_background&quot;:&quot;classic&quot;}\">\n\t\t\t\t\t\t<div class=\"elementor-container elementor-column-gap-default\">\n\t\t\t\t\t<div class=\"elementor-column elementor-col-100 elementor-top-column elementor-element elementor-element-9f373d9\" data-id=\"9f373d9\" data-element_type=\"column\" data-settings=\"{&quot;background_background&quot;:&quot;classic&quot;}\">\n\t\t\t<div class=\"elementor-widget-wrap elementor-element-populated\">\n\t\t\t\t\t\t<div class=\"elementor-element elementor-element-0225aa1 elementor-widget elementor-widget-flexitype-contact-form7\" data-id=\"0225aa1\" data-element_type=\"widget\" data-widget_type=\"flexitype-contact-form7.default\">\n\t\t\t\t<div class=\"elementor-widget-container\">\n\t\t\t\t\t        <div class=\"flexitype-contact-form-wrapper\">\r\n            \n<div class=\"wpcf7 no-js\" id=\"wpcf7-f2670-o1\" lang=\"en-US\" dir=\"ltr\" data-wpcf7-id=\"2670\">\n<div class=\"screen-reader-response\"><p role=\"status\" aria-live=\"polite\" aria-atomic=\"true\"><\/p> <ul><\/ul><\/div>\n<form action=\"\/index.php\/wp-json\/wp\/v2\/pages\/22#wpcf7-f2670-o1\" method=\"post\" class=\"wpcf7-form init\" aria-label=\"Contact form\" novalidate=\"novalidate\" data-status=\"init\">\n<fieldset class=\"hidden-fields-container\"><input type=\"hidden\" name=\"_wpcf7\" value=\"2670\" \/><input type=\"hidden\" name=\"_wpcf7_version\" value=\"6.1.5\" \/><input type=\"hidden\" name=\"_wpcf7_locale\" value=\"en_US\" \/><input type=\"hidden\" name=\"_wpcf7_unit_tag\" value=\"wpcf7-f2670-o1\" \/><input type=\"hidden\" name=\"_wpcf7_container_post\" value=\"0\" \/><input type=\"hidden\" name=\"_wpcf7_posted_data_hash\" value=\"\" \/>\n<\/fieldset>\n<div class=\"row\">\n\n<div class=\"col-md-6 mb-30\">\n<div class=\"request__quote-item\">\n<label> Meno *\n<span class=\"wpcf7-form-control-wrap\" data-name=\"first-name\"><input size=\"40\" maxlength=\"400\" class=\"wpcf7-form-control wpcf7-text wpcf7-validates-as-required\" aria-required=\"true\" aria-invalid=\"false\" placeholder=\"...\" value=\"\" type=\"text\" name=\"first-name\" \/><\/span> <\/label>\n<\/div>\n<\/div>\n\n<div class=\"col-md-6 md-mt-0 lg-mb-30\">\n<div class=\"request__quote-item\">\n<label> Priezvisko\n<span class=\"wpcf7-form-control-wrap\" data-name=\"last-name\"><input size=\"40\" maxlength=\"400\" class=\"wpcf7-form-control wpcf7-text\" aria-invalid=\"false\" placeholder=\"...\" value=\"\" type=\"text\" name=\"last-name\" \/><\/span> <\/label>\n<\/div>\n<\/div>\n\n<div class=\"col-md-6 mb-30\">\n<div class=\"request__quote-item\">\n<label>Email *\n<span class=\"wpcf7-form-control-wrap\" data-name=\"your-email\"><input size=\"40\" maxlength=\"400\" class=\"wpcf7-form-control wpcf7-email wpcf7-validates-as-required wpcf7-text wpcf7-validates-as-email\" aria-required=\"true\" aria-invalid=\"false\" placeholder=\"xxx@x.xx.sk\" value=\"\" type=\"email\" name=\"your-email\" \/><\/span><\/label>\n<\/div>\n<\/div>\n\n<div class=\"col-md-6 lg-mb-30\">\n<div class=\"request__quote-item\">\n<label>Telef\u00f3n*\n<span class=\"wpcf7-form-control-wrap\" data-name=\"phone-Number\"><input size=\"40\" maxlength=\"400\" class=\"wpcf7-form-control wpcf7-text wpcf7-validates-as-required\" aria-required=\"true\" aria-invalid=\"false\" placeholder=\"+421 9XXX XXX XXX\" value=\"\" type=\"text\" name=\"phone-Number\" \/><\/span> <\/label>\n<\/div>\n<\/div>\n\n<div class=\"col-md-12 mb-30\">\n<div class=\"request__quote-item\">\n<label>Pre ak\u00fa slu\u017ebu m\u00e1te z\u00e1ujem vypracova\u0165 cenov\u00fa ponuku? *<\/label>\n<\/div>\n<br \/>\n<div class=\"request__quote-services\">\n<span class=\"wpcf7-form-control-wrap\" data-name=\"checkbox-997\"><span class=\"wpcf7-form-control wpcf7-checkbox\"><span class=\"wpcf7-list-item first\"><label><input type=\"checkbox\" name=\"checkbox-997[]\" value=\"Ve\u013ekokapacitn\u00e9 kontajnery\" \/><span class=\"wpcf7-list-item-label\">Ve\u013ekokapacitn\u00e9 kontajnery<\/span><\/label><\/span><span class=\"wpcf7-list-item\"><label><input type=\"checkbox\" name=\"checkbox-997[]\" value=\"Zemn\u00e9 pr\u00e1ce\" \/><span class=\"wpcf7-list-item-label\">Zemn\u00e9 pr\u00e1ce<\/span><\/label><\/span><span class=\"wpcf7-list-item\"><label><input type=\"checkbox\" name=\"checkbox-997[]\" value=\"Pr\u00e1ce hydraulickou rukou\" \/><span class=\"wpcf7-list-item-label\">Pr\u00e1ce hydraulickou rukou<\/span><\/label><\/span><span class=\"wpcf7-list-item last\"><label><input type=\"checkbox\" name=\"checkbox-997[]\" value=\"N\u00e1kladn\u00e1 doprava\" \/><span class=\"wpcf7-list-item-label\">N\u00e1kladn\u00e1 doprava<\/span><\/label><\/span><\/span><\/span>\n<\/div>\n<\/div>\n\n<div class=\"col-md-12\">\n<div class=\"request__quote-item\">\n<label>Spr\u00e1va*\n<span class=\"wpcf7-form-control-wrap\" data-name=\"message\"><textarea cols=\"40\" rows=\"10\" maxlength=\"2000\" class=\"wpcf7-form-control wpcf7-textarea\" aria-invalid=\"false\" placeholder=\"Miesto pre Va\u0161u spr\u00e1vu\" name=\"message\"><\/textarea><\/span><\/label>\n<\/div>\n<\/div>\n\n<div class=\"col-lg-12\">\n<div id=\"cf7sr-6a046c02c31b5\" class=\"cf7sr-g-hcaptcha\" data-theme=\"light\" data-size=\"compact\" data-sitekey=\"7c9a9e80-b87e-4972-a8d0-fa32e2463f9a\"><\/div><span class=\"wpcf7-form-control-wrap cf7sr-hcaptcha\" data-name=\"cf7sr-hcaptcha\"><input type=\"hidden\" name=\"cf7sr-hcaptcha\" value=\"\" class=\"wpcf7-form-control\"><\/span>\n<input class=\"wpcf7-form-control wpcf7-submit has-spinner\" type=\"submit\" value=\"Odosla\u0165\" \/>\n<\/div>\n<\/div><div class=\"wpcf7-response-output\" aria-hidden=\"true\"><\/div>\n<\/form>\n<\/div>\n        <\/div>\r\n\r\n        \t\t\t\t<\/div>\n\t\t\t\t<\/div>\n\t\t\t\t\t<\/div>\n\t\t<\/div>\n\t\t\t\t\t<\/div>\n\t\t<\/section>\n\t\t\t\t<\/div>\n\t\t","protected":false},"excerpt":{"rendered":"<p>Meno * Priezvisko Email * Telef\u00f3n* Spolo\u010dnos\u0165 Web Pre ak\u00fa slu\u017ebu m\u00e1te z\u00e1ujem vypracova\u0165 cenov\u00fa ponuku? * Ve\u013ekokapacitn\u00e9 kontajneryZemn\u00e9 pr\u00e1cePr\u00e1ce hydraulickou rukouN\u00e1kladn\u00e1 doprava Spr\u00e1va*<\/p>\n","protected":false},"author":1,"featured_media":0,"parent":0,"menu_order":0,"comment_status":"closed","ping_status":"closed","template":"page-builder.php","meta":{"footnotes":""},"class_list":["post-22","page","type-page","status-publish","hentry"],"_links":{"self":[{"href":"https:\/\/korsta.sk\/index.php\/wp-json\/wp\/v2\/pages\/22","targetHints":{"allow":["GET"]}}],"collection":[{"href":"https:\/\/korsta.sk\/index.php\/wp-json\/wp\/v2\/pages"}],"about":[{"href":"https:\/\/korsta.sk\/index.php\/wp-json\/wp\/v2\/types\/page"}],"author":[{"embeddable":true,"href":"https:\/\/korsta.sk\/index.php\/wp-json\/wp\/v2\/users\/1"}],"replies":[{"embeddable":true,"href":"https:\/\/korsta.sk\/index.php\/wp-json\/wp\/v2\/comments?post=22"}],"version-history":[{"count":0,"href":"https:\/\/korsta.sk\/index.php\/wp-json\/wp\/v2\/pages\/22\/revisions"}],"wp:attachment":[{"href":"https:\/\/korsta.sk\/index.php\/wp-json\/wp\/v2\/media?parent=22"}],"curies":[{"name":"wp","href":"https:\/\/api.w.org\/{rel}","templated":true}]}}